{"id":16947,"date":"2025-11-13T11:10:03","date_gmt":"2025-11-13T10:10:03","guid":{"rendered":"https:\/\/separee.com\/?post_type=product&#038;p=16947"},"modified":"2025-11-24T10:50:19","modified_gmt":"2025-11-24T09:50:19","slug":"separee-no-38-kopie-kopie-kopie-kopie-kopie-kopie-kopie-kopie-kopie","status":"publish","type":"product","link":"https:\/\/separee.com\/en\/produkt\/separee-no-38-kopie-kopie-kopie-kopie-kopie-kopie-kopie-kopie-kopie\/","title":{"rendered":"S\u00e9par\u00e9e No. 38 (Kopie) (Kopie) (Kopie) (Kopie) (Kopie) (Kopie) (Kopie) (Kopie) (Kopie)"},"content":{"rendered":"<p>Secure your copy of the German print issue of S\u00e9par\u00e9e No. 38 to complete your collection (plus shipping).<\/p>\n<p>Includes:<\/p>\n<ul>\n<li>\n<div>The magic of seduction<\/div>\n<\/li>\n<li>\n<div>An introduction to BDSM<\/div>\n<\/li>\n<li>\n<div>Some breakup survival tipps<\/div>\n<\/li>\n<li>\n<div>Sex in the City: Leipzig<\/div>\n<\/li>\n<li>\n<div>An interview with photographer Oliver Lozano<\/div>\n<\/li>\n<li>\n<div>Classic nude photography<\/div>\n<\/li>\n<li>\n<div>Intimate jewellery for him &amp; her<\/div>\n<\/li>\n<li>\n<div>And much more<\/div>\n<\/li>\n<\/ul>\n<p>Plus international shipping (\u20ac3.70)<\/p>\n","protected":false},"excerpt":{"rendered":"<p>Secure your copy of the German print issue of S\u00e9par\u00e9e No. 38 to complete your collection (plus shipping). Includes: The magic of seduction An introduction to BDSM Some breakup survival tipps Sex in the City: Leipzig An interview with photographer Oliver Lozano Classic nude photography Intimate jewellery for him &amp; her And much more Plus [&hellip;]<\/p>\n","protected":false},"featured_media":16908,"comment_status":"closed","ping_status":"closed","template":"","meta":[],"product_brand":[],"product_cat":[54],"product_tag":[],"class_list":{"0":"post-16947","1":"product","2":"type-product","3":"status-publish","4":"has-post-thumbnail","6":"product_cat-unkategorisiert","8":"first","9":"instock","10":"taxable","11":"shipping-taxable","12":"purchasable","13":"product-type-simple"},"yoast_head":"<!-- This site is optimized with the Yoast SEO plugin v27.4 - https:\/\/yoast.com\/product\/yoast-seo-wordpress\/ -->\n<title>S\u00e9par\u00e9e No. 38 (Kopie) (Kopie) (Kopie) (Kopie) (Kopie) (Kopie) (Kopie) (Kopie) (Kopie) - S\u00e9par\u00e9e Magazine<\/title>\n<meta name=\"robots\" content=\"index, follow, max-snippet:-1, max-image-preview:large, max-video-preview:-1\" \/>\n<link rel=\"canonical\" href=\"https:\/\/separee.com\/en\/produkt\/separee-no-38-kopie-kopie-kopie-kopie-kopie-kopie-kopie-kopie-kopie\/\" \/>\n<meta property=\"og:locale\" content=\"en_US\" \/>\n<meta property=\"og:type\" content=\"article\" \/>\n<meta property=\"og:title\" content=\"S\u00e9par\u00e9e No. 38 (Kopie) (Kopie) (Kopie) (Kopie) (Kopie) (Kopie) (Kopie) (Kopie) (Kopie) - S\u00e9par\u00e9e Magazine\" \/>\n<meta property=\"og:description\" content=\"Secure your copy of the German print issue of S\u00e9par\u00e9e No. 38 to complete your collection (plus shipping). Includes: The magic of seduction An introduction to BDSM Some breakup survival tipps Sex in the City: Leipzig An interview with photographer Oliver Lozano Classic nude photography Intimate jewellery for him &amp; her And much more Plus [&hellip;]\" \/>\n<meta property=\"og:url\" content=\"https:\/\/separee.com\/en\/produkt\/separee-no-38-kopie-kopie-kopie-kopie-kopie-kopie-kopie-kopie-kopie\/\" \/>\n<meta property=\"og:site_name\" content=\"S\u00e9par\u00e9e Magazine\" \/>\n<meta property=\"article:modified_time\" content=\"2025-11-24T09:50:19+00:00\" \/>\n<meta property=\"og:image\" content=\"https:\/\/separee.com\/wp-content\/uploads\/2025\/11\/S47_COVER-scaled.jpg\" \/>\n\t<meta property=\"og:image:width\" content=\"1991\" \/>\n\t<meta property=\"og:image:height\" content=\"2560\" \/>\n\t<meta property=\"og:image:type\" content=\"image\/jpeg\" \/>\n<meta name=\"twitter:card\" content=\"summary_large_image\" \/>\n<script type=\"application\/ld+json\" class=\"yoast-schema-graph\">{\"@context\":\"https:\\\/\\\/schema.org\",\"@graph\":[{\"@type\":\"WebPage\",\"@id\":\"https:\\\/\\\/separee.com\\\/en\\\/produkt\\\/separee-no-38-kopie-kopie-kopie-kopie-kopie-kopie-kopie-kopie-kopie\\\/\",\"url\":\"https:\\\/\\\/separee.com\\\/en\\\/produkt\\\/separee-no-38-kopie-kopie-kopie-kopie-kopie-kopie-kopie-kopie-kopie\\\/\",\"name\":\"S\u00e9par\u00e9e No. 38 (Kopie) (Kopie) (Kopie) (Kopie) (Kopie) (Kopie) (Kopie) (Kopie) (Kopie) - S\u00e9par\u00e9e Magazine\",\"isPartOf\":{\"@id\":\"https:\\\/\\\/separee.com\\\/en\\\/#website\"},\"primaryImageOfPage\":{\"@id\":\"https:\\\/\\\/separee.com\\\/en\\\/produkt\\\/separee-no-38-kopie-kopie-kopie-kopie-kopie-kopie-kopie-kopie-kopie\\\/#primaryimage\"},\"image\":{\"@id\":\"https:\\\/\\\/separee.com\\\/en\\\/produkt\\\/separee-no-38-kopie-kopie-kopie-kopie-kopie-kopie-kopie-kopie-kopie\\\/#primaryimage\"},\"thumbnailUrl\":\"https:\\\/\\\/separee.com\\\/wp-content\\\/uploads\\\/2025\\\/11\\\/S47_COVER-scaled.jpg\",\"datePublished\":\"2025-11-13T10:10:03+00:00\",\"dateModified\":\"2025-11-24T09:50:19+00:00\",\"breadcrumb\":{\"@id\":\"https:\\\/\\\/separee.com\\\/en\\\/produkt\\\/separee-no-38-kopie-kopie-kopie-kopie-kopie-kopie-kopie-kopie-kopie\\\/#breadcrumb\"},\"inLanguage\":\"en-US\",\"potentialAction\":[{\"@type\":\"ReadAction\",\"target\":[\"https:\\\/\\\/separee.com\\\/en\\\/produkt\\\/separee-no-38-kopie-kopie-kopie-kopie-kopie-kopie-kopie-kopie-kopie\\\/\"]}]},{\"@type\":\"ImageObject\",\"inLanguage\":\"en-US\",\"@id\":\"https:\\\/\\\/separee.com\\\/en\\\/produkt\\\/separee-no-38-kopie-kopie-kopie-kopie-kopie-kopie-kopie-kopie-kopie\\\/#primaryimage\",\"url\":\"https:\\\/\\\/separee.com\\\/wp-content\\\/uploads\\\/2025\\\/11\\\/S47_COVER-scaled.jpg\",\"contentUrl\":\"https:\\\/\\\/separee.com\\\/wp-content\\\/uploads\\\/2025\\\/11\\\/S47_COVER-scaled.jpg\",\"width\":1991,\"height\":2560},{\"@type\":\"BreadcrumbList\",\"@id\":\"https:\\\/\\\/separee.com\\\/en\\\/produkt\\\/separee-no-38-kopie-kopie-kopie-kopie-kopie-kopie-kopie-kopie-kopie\\\/#breadcrumb\",\"itemListElement\":[{\"@type\":\"ListItem\",\"position\":1,\"name\":\"Startseite\",\"item\":\"https:\\\/\\\/separee.com\\\/en\\\/\"},{\"@type\":\"ListItem\",\"position\":2,\"name\":\"Alle Produkte\",\"item\":\"https:\\\/\\\/separee.com\\\/elementor-12752\\\/\"},{\"@type\":\"ListItem\",\"position\":3,\"name\":\"S\u00e9par\u00e9e No. 38 (Kopie) (Kopie) (Kopie) (Kopie) (Kopie) (Kopie) (Kopie) (Kopie) (Kopie)\"}]},{\"@type\":\"WebSite\",\"@id\":\"https:\\\/\\\/separee.com\\\/en\\\/#website\",\"url\":\"https:\\\/\\\/separee.com\\\/en\\\/\",\"name\":\"S\u00e9par\u00e9e Magazine\",\"description\":\"Selbstbewusst &amp; Sinnlich\",\"publisher\":{\"@id\":\"https:\\\/\\\/separee.com\\\/en\\\/#organization\"},\"potentialAction\":[{\"@type\":\"SearchAction\",\"target\":{\"@type\":\"EntryPoint\",\"urlTemplate\":\"https:\\\/\\\/separee.com\\\/en\\\/?s={search_term_string}\"},\"query-input\":{\"@type\":\"PropertyValueSpecification\",\"valueRequired\":true,\"valueName\":\"search_term_string\"}}],\"inLanguage\":\"en-US\"},{\"@type\":\"Organization\",\"@id\":\"https:\\\/\\\/separee.com\\\/en\\\/#organization\",\"name\":\"S\u00e9par\u00e9e Magazine\",\"url\":\"https:\\\/\\\/separee.com\\\/en\\\/\",\"logo\":{\"@type\":\"ImageObject\",\"inLanguage\":\"en-US\",\"@id\":\"https:\\\/\\\/separee.com\\\/en\\\/#\\\/schema\\\/logo\\\/image\\\/\",\"url\":\"https:\\\/\\\/separee.com\\\/wp-content\\\/uploads\\\/2021\\\/08\\\/Separee_Logo_n_web-Kopie.png\",\"contentUrl\":\"https:\\\/\\\/separee.com\\\/wp-content\\\/uploads\\\/2021\\\/08\\\/Separee_Logo_n_web-Kopie.png\",\"width\":1831,\"height\":862,\"caption\":\"S\u00e9par\u00e9e Magazine\"},\"image\":{\"@id\":\"https:\\\/\\\/separee.com\\\/en\\\/#\\\/schema\\\/logo\\\/image\\\/\"}}]}<\/script>\n<!-- \/ Yoast SEO plugin. -->","yoast_head_json":{"title":"S\u00e9par\u00e9e No. 38 (Kopie) (Kopie) (Kopie) (Kopie) (Kopie) (Kopie) (Kopie) (Kopie) (Kopie) - S\u00e9par\u00e9e Magazine","robots":{"index":"index","follow":"follow","max-snippet":"max-snippet:-1","max-image-preview":"max-image-preview:large","max-video-preview":"max-video-preview:-1"},"canonical":"https:\/\/separee.com\/en\/produkt\/separee-no-38-kopie-kopie-kopie-kopie-kopie-kopie-kopie-kopie-kopie\/","og_locale":"en_US","og_type":"article","og_title":"S\u00e9par\u00e9e No. 38 (Kopie) (Kopie) (Kopie) (Kopie) (Kopie) (Kopie) (Kopie) (Kopie) (Kopie) - S\u00e9par\u00e9e Magazine","og_description":"Secure your copy of the German print issue of S\u00e9par\u00e9e No. 38 to complete your collection (plus shipping). Includes: The magic of seduction An introduction to BDSM Some breakup survival tipps Sex in the City: Leipzig An interview with photographer Oliver Lozano Classic nude photography Intimate jewellery for him &amp; her And much more Plus [&hellip;]","og_url":"https:\/\/separee.com\/en\/produkt\/separee-no-38-kopie-kopie-kopie-kopie-kopie-kopie-kopie-kopie-kopie\/","og_site_name":"S\u00e9par\u00e9e Magazine","article_modified_time":"2025-11-24T09:50:19+00:00","og_image":[{"width":1991,"height":2560,"url":"https:\/\/separee.com\/wp-content\/uploads\/2025\/11\/S47_COVER-scaled.jpg","type":"image\/jpeg"}],"twitter_card":"summary_large_image","schema":{"@context":"https:\/\/schema.org","@graph":[{"@type":"WebPage","@id":"https:\/\/separee.com\/en\/produkt\/separee-no-38-kopie-kopie-kopie-kopie-kopie-kopie-kopie-kopie-kopie\/","url":"https:\/\/separee.com\/en\/produkt\/separee-no-38-kopie-kopie-kopie-kopie-kopie-kopie-kopie-kopie-kopie\/","name":"S\u00e9par\u00e9e No. 38 (Kopie) (Kopie) (Kopie) (Kopie) (Kopie) (Kopie) (Kopie) (Kopie) (Kopie) - S\u00e9par\u00e9e Magazine","isPartOf":{"@id":"https:\/\/separee.com\/en\/#website"},"primaryImageOfPage":{"@id":"https:\/\/separee.com\/en\/produkt\/separee-no-38-kopie-kopie-kopie-kopie-kopie-kopie-kopie-kopie-kopie\/#primaryimage"},"image":{"@id":"https:\/\/separee.com\/en\/produkt\/separee-no-38-kopie-kopie-kopie-kopie-kopie-kopie-kopie-kopie-kopie\/#primaryimage"},"thumbnailUrl":"https:\/\/separee.com\/wp-content\/uploads\/2025\/11\/S47_COVER-scaled.jpg","datePublished":"2025-11-13T10:10:03+00:00","dateModified":"2025-11-24T09:50:19+00:00","breadcrumb":{"@id":"https:\/\/separee.com\/en\/produkt\/separee-no-38-kopie-kopie-kopie-kopie-kopie-kopie-kopie-kopie-kopie\/#breadcrumb"},"inLanguage":"en-US","potentialAction":[{"@type":"ReadAction","target":["https:\/\/separee.com\/en\/produkt\/separee-no-38-kopie-kopie-kopie-kopie-kopie-kopie-kopie-kopie-kopie\/"]}]},{"@type":"ImageObject","inLanguage":"en-US","@id":"https:\/\/separee.com\/en\/produkt\/separee-no-38-kopie-kopie-kopie-kopie-kopie-kopie-kopie-kopie-kopie\/#primaryimage","url":"https:\/\/separee.com\/wp-content\/uploads\/2025\/11\/S47_COVER-scaled.jpg","contentUrl":"https:\/\/separee.com\/wp-content\/uploads\/2025\/11\/S47_COVER-scaled.jpg","width":1991,"height":2560},{"@type":"BreadcrumbList","@id":"https:\/\/separee.com\/en\/produkt\/separee-no-38-kopie-kopie-kopie-kopie-kopie-kopie-kopie-kopie-kopie\/#breadcrumb","itemListElement":[{"@type":"ListItem","position":1,"name":"Startseite","item":"https:\/\/separee.com\/en\/"},{"@type":"ListItem","position":2,"name":"Alle Produkte","item":"https:\/\/separee.com\/elementor-12752\/"},{"@type":"ListItem","position":3,"name":"S\u00e9par\u00e9e No. 38 (Kopie) (Kopie) (Kopie) (Kopie) (Kopie) (Kopie) (Kopie) (Kopie) (Kopie)"}]},{"@type":"WebSite","@id":"https:\/\/separee.com\/en\/#website","url":"https:\/\/separee.com\/en\/","name":"S\u00e9par\u00e9e Magazine","description":"Selbstbewusst &amp; Sinnlich","publisher":{"@id":"https:\/\/separee.com\/en\/#organization"},"potentialAction":[{"@type":"SearchAction","target":{"@type":"EntryPoint","urlTemplate":"https:\/\/separee.com\/en\/?s={search_term_string}"},"query-input":{"@type":"PropertyValueSpecification","valueRequired":true,"valueName":"search_term_string"}}],"inLanguage":"en-US"},{"@type":"Organization","@id":"https:\/\/separee.com\/en\/#organization","name":"S\u00e9par\u00e9e Magazine","url":"https:\/\/separee.com\/en\/","logo":{"@type":"ImageObject","inLanguage":"en-US","@id":"https:\/\/separee.com\/en\/#\/schema\/logo\/image\/","url":"https:\/\/separee.com\/wp-content\/uploads\/2021\/08\/Separee_Logo_n_web-Kopie.png","contentUrl":"https:\/\/separee.com\/wp-content\/uploads\/2021\/08\/Separee_Logo_n_web-Kopie.png","width":1831,"height":862,"caption":"S\u00e9par\u00e9e Magazine"},"image":{"@id":"https:\/\/separee.com\/en\/#\/schema\/logo\/image\/"}}]}},"_links":{"self":[{"href":"https:\/\/separee.com\/en\/wp-json\/wp\/v2\/product\/16947","targetHints":{"allow":["GET"]}}],"collection":[{"href":"https:\/\/separee.com\/en\/wp-json\/wp\/v2\/product"}],"about":[{"href":"https:\/\/separee.com\/en\/wp-json\/wp\/v2\/types\/product"}],"replies":[{"embeddable":true,"href":"https:\/\/separee.com\/en\/wp-json\/wp\/v2\/comments?post=16947"}],"wp:featuredmedia":[{"embeddable":true,"href":"https:\/\/separee.com\/en\/wp-json\/wp\/v2\/media\/16908"}],"wp:attachment":[{"href":"https:\/\/separee.com\/en\/wp-json\/wp\/v2\/media?parent=16947"}],"wp:term":[{"taxonomy":"product_brand","embeddable":true,"href":"https:\/\/separee.com\/en\/wp-json\/wp\/v2\/product_brand?post=16947"},{"taxonomy":"product_cat","embeddable":true,"href":"https:\/\/separee.com\/en\/wp-json\/wp\/v2\/product_cat?post=16947"},{"taxonomy":"product_tag","embeddable":true,"href":"https:\/\/separee.com\/en\/wp-json\/wp\/v2\/product_tag?post=16947"}],"curies":[{"name":"wp","href":"https:\/\/api.w.org\/{rel}","templated":true}]}}