{"id":14255,"date":"2023-11-20T14:23:28","date_gmt":"2023-11-20T13:23:28","guid":{"rendered":"https:\/\/separee.com\/?post_type=product&#038;p=14255"},"modified":"2023-11-20T14:26:15","modified_gmt":"2023-11-20T13:26:15","slug":"separee-no-38-as-a-digital-mag-kopie","status":"publish","type":"product","link":"https:\/\/separee.com\/en\/produkt\/separee-no-38-as-a-digital-mag-kopie\/","title":{"rendered":"S\u00e9par\u00e9e No. 38 as a digital mag (Kopie)"},"content":{"rendered":"<p>Enjoy the German issue of S\u00e9par\u00e9e No. 38 on your favorite electronic device.<\/p>\n<p>Includes:<\/p>\n<ul>\n<li>\n<div>The magic of seduction<\/div>\n<\/li>\n<li>\n<div>Intimate jewellery for him &amp; her<\/div>\n<\/li>\n<li>\n<div>Classic nude photography<\/div>\n<\/li>\n<li>\n<div>An interview with photographer Oliver Lozano<\/div>\n<\/li>\n<li>\n<div>Sex in the City: Leipzig<\/div>\n<\/li>\n<li>\n<div>Some breakup survival tipps<\/div>\n<\/li>\n<li>\n<div>An introduction to BDSM<\/div>\n<\/li>\n<li>And much more<\/li>\n<\/ul>\n<p>After completing your purchase, you will receive a download link for a PDF file. Free PDF readers are available for download on the internet.<\/p>\n<p>When you pay with paypal or a credit card, the download link will be displayed immediately and send to you by email.<\/p>\n<p>If you transfer the money from a bank account, you will receive your download link after we have received payment.<\/p>\n","protected":false},"excerpt":{"rendered":"<p>Enjoy the German issue of S\u00e9par\u00e9e No. 38 on your favorite electronic device. Includes: The magic of seduction Intimate jewellery for him &amp; her Classic nude photography An interview with photographer Oliver Lozano Sex in the City: Leipzig Some breakup survival tipps An introduction to BDSM And much more After completing your purchase, you will [&hellip;]<\/p>\n","protected":false},"featured_media":14251,"comment_status":"closed","ping_status":"closed","template":"","meta":[],"product_brand":[],"product_cat":[],"product_tag":[],"class_list":{"0":"post-14255","1":"product","2":"type-product","3":"status-publish","4":"has-post-thumbnail","7":"first","8":"instock","9":"downloadable","10":"virtual","11":"taxable","12":"purchasable","13":"product-type-simple"},"yoast_head":"<!-- This site is optimized with the Yoast SEO plugin v27.3 - https:\/\/yoast.com\/product\/yoast-seo-wordpress\/ -->\n<title>S\u00e9par\u00e9e No. 38 as a digital mag (Kopie) - S\u00e9par\u00e9e Magazine<\/title>\n<meta name=\"robots\" content=\"index, follow, max-snippet:-1, max-image-preview:large, max-video-preview:-1\" \/>\n<link rel=\"canonical\" href=\"https:\/\/separee.com\/en\/produkt\/separee-no-38-as-a-digital-mag-kopie\/\" \/>\n<meta property=\"og:locale\" content=\"en_US\" \/>\n<meta property=\"og:type\" content=\"article\" \/>\n<meta property=\"og:title\" content=\"S\u00e9par\u00e9e No. 38 as a digital mag (Kopie) - S\u00e9par\u00e9e Magazine\" \/>\n<meta property=\"og:description\" content=\"Enjoy the German issue of S\u00e9par\u00e9e No. 38 on your favorite electronic device. Includes: The magic of seduction Intimate jewellery for him &amp; her Classic nude photography An interview with photographer Oliver Lozano Sex in the City: Leipzig Some breakup survival tipps An introduction to BDSM And much more After completing your purchase, you will [&hellip;]\" \/>\n<meta property=\"og:url\" content=\"https:\/\/separee.com\/en\/produkt\/separee-no-38-as-a-digital-mag-kopie\/\" \/>\n<meta property=\"og:site_name\" content=\"S\u00e9par\u00e9e Magazine\" \/>\n<meta property=\"article:modified_time\" content=\"2023-11-20T13:26:15+00:00\" \/>\n<meta property=\"og:image\" content=\"https:\/\/separee.com\/wp-content\/uploads\/2023\/11\/S39_iPad_klein.jpg\" \/>\n\t<meta property=\"og:image:width\" content=\"768\" \/>\n\t<meta property=\"og:image:height\" content=\"914\" \/>\n\t<meta property=\"og:image:type\" content=\"image\/jpeg\" \/>\n<meta name=\"twitter:card\" content=\"summary_large_image\" \/>\n<script type=\"application\/ld+json\" class=\"yoast-schema-graph\">{\"@context\":\"https:\\\/\\\/schema.org\",\"@graph\":[{\"@type\":\"WebPage\",\"@id\":\"https:\\\/\\\/separee.com\\\/en\\\/produkt\\\/separee-no-38-as-a-digital-mag-kopie\\\/\",\"url\":\"https:\\\/\\\/separee.com\\\/en\\\/produkt\\\/separee-no-38-as-a-digital-mag-kopie\\\/\",\"name\":\"S\u00e9par\u00e9e No. 38 as a digital mag (Kopie) - S\u00e9par\u00e9e Magazine\",\"isPartOf\":{\"@id\":\"https:\\\/\\\/separee.com\\\/en\\\/#website\"},\"primaryImageOfPage\":{\"@id\":\"https:\\\/\\\/separee.com\\\/en\\\/produkt\\\/separee-no-38-as-a-digital-mag-kopie\\\/#primaryimage\"},\"image\":{\"@id\":\"https:\\\/\\\/separee.com\\\/en\\\/produkt\\\/separee-no-38-as-a-digital-mag-kopie\\\/#primaryimage\"},\"thumbnailUrl\":\"https:\\\/\\\/separee.com\\\/wp-content\\\/uploads\\\/2023\\\/11\\\/S39_iPad_klein.jpg\",\"datePublished\":\"2023-11-20T13:23:28+00:00\",\"dateModified\":\"2023-11-20T13:26:15+00:00\",\"breadcrumb\":{\"@id\":\"https:\\\/\\\/separee.com\\\/en\\\/produkt\\\/separee-no-38-as-a-digital-mag-kopie\\\/#breadcrumb\"},\"inLanguage\":\"en-US\",\"potentialAction\":[{\"@type\":\"ReadAction\",\"target\":[\"https:\\\/\\\/separee.com\\\/en\\\/produkt\\\/separee-no-38-as-a-digital-mag-kopie\\\/\"]}]},{\"@type\":\"ImageObject\",\"inLanguage\":\"en-US\",\"@id\":\"https:\\\/\\\/separee.com\\\/en\\\/produkt\\\/separee-no-38-as-a-digital-mag-kopie\\\/#primaryimage\",\"url\":\"https:\\\/\\\/separee.com\\\/wp-content\\\/uploads\\\/2023\\\/11\\\/S39_iPad_klein.jpg\",\"contentUrl\":\"https:\\\/\\\/separee.com\\\/wp-content\\\/uploads\\\/2023\\\/11\\\/S39_iPad_klein.jpg\",\"width\":768,\"height\":914},{\"@type\":\"BreadcrumbList\",\"@id\":\"https:\\\/\\\/separee.com\\\/en\\\/produkt\\\/separee-no-38-as-a-digital-mag-kopie\\\/#breadcrumb\",\"itemListElement\":[{\"@type\":\"ListItem\",\"position\":1,\"name\":\"Startseite\",\"item\":\"https:\\\/\\\/separee.com\\\/en\\\/\"},{\"@type\":\"ListItem\",\"position\":2,\"name\":\"Alle Produkte\",\"item\":\"https:\\\/\\\/separee.com\\\/elementor-12752\\\/\"},{\"@type\":\"ListItem\",\"position\":3,\"name\":\"S\u00e9par\u00e9e No. 38 as a digital mag (Kopie)\"}]},{\"@type\":\"WebSite\",\"@id\":\"https:\\\/\\\/separee.com\\\/en\\\/#website\",\"url\":\"https:\\\/\\\/separee.com\\\/en\\\/\",\"name\":\"S\u00e9par\u00e9e Magazine\",\"description\":\"Selbstbewusst &amp; Sinnlich\",\"publisher\":{\"@id\":\"https:\\\/\\\/separee.com\\\/en\\\/#organization\"},\"potentialAction\":[{\"@type\":\"SearchAction\",\"target\":{\"@type\":\"EntryPoint\",\"urlTemplate\":\"https:\\\/\\\/separee.com\\\/en\\\/?s={search_term_string}\"},\"query-input\":{\"@type\":\"PropertyValueSpecification\",\"valueRequired\":true,\"valueName\":\"search_term_string\"}}],\"inLanguage\":\"en-US\"},{\"@type\":\"Organization\",\"@id\":\"https:\\\/\\\/separee.com\\\/en\\\/#organization\",\"name\":\"S\u00e9par\u00e9e Magazine\",\"url\":\"https:\\\/\\\/separee.com\\\/en\\\/\",\"logo\":{\"@type\":\"ImageObject\",\"inLanguage\":\"en-US\",\"@id\":\"https:\\\/\\\/separee.com\\\/en\\\/#\\\/schema\\\/logo\\\/image\\\/\",\"url\":\"https:\\\/\\\/separee.com\\\/wp-content\\\/uploads\\\/2021\\\/08\\\/Separee_Logo_n_web-Kopie.png\",\"contentUrl\":\"https:\\\/\\\/separee.com\\\/wp-content\\\/uploads\\\/2021\\\/08\\\/Separee_Logo_n_web-Kopie.png\",\"width\":1831,\"height\":862,\"caption\":\"S\u00e9par\u00e9e Magazine\"},\"image\":{\"@id\":\"https:\\\/\\\/separee.com\\\/en\\\/#\\\/schema\\\/logo\\\/image\\\/\"}}]}<\/script>\n<!-- \/ Yoast SEO plugin. -->","yoast_head_json":{"title":"S\u00e9par\u00e9e No. 38 as a digital mag (Kopie) - S\u00e9par\u00e9e Magazine","robots":{"index":"index","follow":"follow","max-snippet":"max-snippet:-1","max-image-preview":"max-image-preview:large","max-video-preview":"max-video-preview:-1"},"canonical":"https:\/\/separee.com\/en\/produkt\/separee-no-38-as-a-digital-mag-kopie\/","og_locale":"en_US","og_type":"article","og_title":"S\u00e9par\u00e9e No. 38 as a digital mag (Kopie) - S\u00e9par\u00e9e Magazine","og_description":"Enjoy the German issue of S\u00e9par\u00e9e No. 38 on your favorite electronic device. Includes: The magic of seduction Intimate jewellery for him &amp; her Classic nude photography An interview with photographer Oliver Lozano Sex in the City: Leipzig Some breakup survival tipps An introduction to BDSM And much more After completing your purchase, you will [&hellip;]","og_url":"https:\/\/separee.com\/en\/produkt\/separee-no-38-as-a-digital-mag-kopie\/","og_site_name":"S\u00e9par\u00e9e Magazine","article_modified_time":"2023-11-20T13:26:15+00:00","og_image":[{"width":768,"height":914,"url":"https:\/\/separee.com\/wp-content\/uploads\/2023\/11\/S39_iPad_klein.jpg","type":"image\/jpeg"}],"twitter_card":"summary_large_image","schema":{"@context":"https:\/\/schema.org","@graph":[{"@type":"WebPage","@id":"https:\/\/separee.com\/en\/produkt\/separee-no-38-as-a-digital-mag-kopie\/","url":"https:\/\/separee.com\/en\/produkt\/separee-no-38-as-a-digital-mag-kopie\/","name":"S\u00e9par\u00e9e No. 38 as a digital mag (Kopie) - S\u00e9par\u00e9e Magazine","isPartOf":{"@id":"https:\/\/separee.com\/en\/#website"},"primaryImageOfPage":{"@id":"https:\/\/separee.com\/en\/produkt\/separee-no-38-as-a-digital-mag-kopie\/#primaryimage"},"image":{"@id":"https:\/\/separee.com\/en\/produkt\/separee-no-38-as-a-digital-mag-kopie\/#primaryimage"},"thumbnailUrl":"https:\/\/separee.com\/wp-content\/uploads\/2023\/11\/S39_iPad_klein.jpg","datePublished":"2023-11-20T13:23:28+00:00","dateModified":"2023-11-20T13:26:15+00:00","breadcrumb":{"@id":"https:\/\/separee.com\/en\/produkt\/separee-no-38-as-a-digital-mag-kopie\/#breadcrumb"},"inLanguage":"en-US","potentialAction":[{"@type":"ReadAction","target":["https:\/\/separee.com\/en\/produkt\/separee-no-38-as-a-digital-mag-kopie\/"]}]},{"@type":"ImageObject","inLanguage":"en-US","@id":"https:\/\/separee.com\/en\/produkt\/separee-no-38-as-a-digital-mag-kopie\/#primaryimage","url":"https:\/\/separee.com\/wp-content\/uploads\/2023\/11\/S39_iPad_klein.jpg","contentUrl":"https:\/\/separee.com\/wp-content\/uploads\/2023\/11\/S39_iPad_klein.jpg","width":768,"height":914},{"@type":"BreadcrumbList","@id":"https:\/\/separee.com\/en\/produkt\/separee-no-38-as-a-digital-mag-kopie\/#breadcrumb","itemListElement":[{"@type":"ListItem","position":1,"name":"Startseite","item":"https:\/\/separee.com\/en\/"},{"@type":"ListItem","position":2,"name":"Alle Produkte","item":"https:\/\/separee.com\/elementor-12752\/"},{"@type":"ListItem","position":3,"name":"S\u00e9par\u00e9e No. 38 as a digital mag (Kopie)"}]},{"@type":"WebSite","@id":"https:\/\/separee.com\/en\/#website","url":"https:\/\/separee.com\/en\/","name":"S\u00e9par\u00e9e Magazine","description":"Selbstbewusst &amp; Sinnlich","publisher":{"@id":"https:\/\/separee.com\/en\/#organization"},"potentialAction":[{"@type":"SearchAction","target":{"@type":"EntryPoint","urlTemplate":"https:\/\/separee.com\/en\/?s={search_term_string}"},"query-input":{"@type":"PropertyValueSpecification","valueRequired":true,"valueName":"search_term_string"}}],"inLanguage":"en-US"},{"@type":"Organization","@id":"https:\/\/separee.com\/en\/#organization","name":"S\u00e9par\u00e9e Magazine","url":"https:\/\/separee.com\/en\/","logo":{"@type":"ImageObject","inLanguage":"en-US","@id":"https:\/\/separee.com\/en\/#\/schema\/logo\/image\/","url":"https:\/\/separee.com\/wp-content\/uploads\/2021\/08\/Separee_Logo_n_web-Kopie.png","contentUrl":"https:\/\/separee.com\/wp-content\/uploads\/2021\/08\/Separee_Logo_n_web-Kopie.png","width":1831,"height":862,"caption":"S\u00e9par\u00e9e Magazine"},"image":{"@id":"https:\/\/separee.com\/en\/#\/schema\/logo\/image\/"}}]}},"_links":{"self":[{"href":"https:\/\/separee.com\/en\/wp-json\/wp\/v2\/product\/14255","targetHints":{"allow":["GET"]}}],"collection":[{"href":"https:\/\/separee.com\/en\/wp-json\/wp\/v2\/product"}],"about":[{"href":"https:\/\/separee.com\/en\/wp-json\/wp\/v2\/types\/product"}],"replies":[{"embeddable":true,"href":"https:\/\/separee.com\/en\/wp-json\/wp\/v2\/comments?post=14255"}],"wp:featuredmedia":[{"embeddable":true,"href":"https:\/\/separee.com\/en\/wp-json\/wp\/v2\/media\/14251"}],"wp:attachment":[{"href":"https:\/\/separee.com\/en\/wp-json\/wp\/v2\/media?parent=14255"}],"wp:term":[{"taxonomy":"product_brand","embeddable":true,"href":"https:\/\/separee.com\/en\/wp-json\/wp\/v2\/product_brand?post=14255"},{"taxonomy":"product_cat","embeddable":true,"href":"https:\/\/separee.com\/en\/wp-json\/wp\/v2\/product_cat?post=14255"},{"taxonomy":"product_tag","embeddable":true,"href":"https:\/\/separee.com\/en\/wp-json\/wp\/v2\/product_tag?post=14255"}],"curies":[{"name":"wp","href":"https:\/\/api.w.org\/{rel}","templated":true}]}}