{"id":11995,"date":"2023-09-09T16:39:35","date_gmt":"2023-09-09T14:39:35","guid":{"rendered":"https:\/\/separee.com\/?post_type=product&#038;p=11995"},"modified":"2023-09-25T13:28:38","modified_gmt":"2023-09-25T11:28:38","slug":"separee-no-11","status":"publish","type":"product","link":"https:\/\/separee.com\/en\/produkt\/separee-no-11\/","title":{"rendered":"S\u00e9par\u00e9e No. 11"},"content":{"rendered":"<p>Buy the German print issue of S\u00e9par\u00e9e No. 11 online (plus shipping).<\/p>\n<p>Includes:<\/p>\n<ul>\n<li>many\u00a0femmes fatales in amazing photographs and texts<\/li>\n<li>a hot nude snowman<\/li>\n<li>an interview with a BDSM expert<\/li>\n<li>experiences during a yoni massage<\/li>\n<li>tips for getting away from the cold<\/li>\n<li>and more bare men<\/li>\n<\/ul>\n","protected":false},"excerpt":{"rendered":"<p>Buy the German print issue of S\u00e9par\u00e9e No. 11 online (plus shipping). Includes: many\u00a0femmes fatales in amazing photographs and texts a hot nude snowman an interview with a BDSM expert experiences during a yoni massage tips for getting away from the cold and more bare men<\/p>\n","protected":false},"featured_media":11658,"comment_status":"closed","ping_status":"closed","template":"","meta":[],"product_brand":[],"product_cat":[],"product_tag":[],"class_list":{"0":"post-11995","1":"product","2":"type-product","3":"status-publish","4":"has-post-thumbnail","7":"first","8":"instock","9":"taxable","10":"shipping-taxable","11":"purchasable","12":"product-type-simple"},"yoast_head":"<!-- This site is optimized with the Yoast SEO plugin v27.3 - https:\/\/yoast.com\/product\/yoast-seo-wordpress\/ -->\n<title>S\u00e9par\u00e9e No. 11 - S\u00e9par\u00e9e Magazine<\/title>\n<meta name=\"robots\" content=\"index, follow, max-snippet:-1, max-image-preview:large, max-video-preview:-1\" \/>\n<link rel=\"canonical\" href=\"https:\/\/separee.com\/en\/produkt\/separee-no-11\/\" \/>\n<meta property=\"og:locale\" content=\"en_US\" \/>\n<meta property=\"og:type\" content=\"article\" \/>\n<meta property=\"og:title\" content=\"S\u00e9par\u00e9e No. 11 - S\u00e9par\u00e9e Magazine\" \/>\n<meta property=\"og:description\" content=\"Buy the German print issue of S\u00e9par\u00e9e No. 11 online (plus shipping). Includes: many\u00a0femmes fatales in amazing photographs and texts a hot nude snowman an interview with a BDSM expert experiences during a yoni massage tips for getting away from the cold and more bare men\" \/>\n<meta property=\"og:url\" content=\"https:\/\/separee.com\/en\/produkt\/separee-no-11\/\" \/>\n<meta property=\"og:site_name\" content=\"S\u00e9par\u00e9e Magazine\" \/>\n<meta property=\"article:modified_time\" content=\"2023-09-25T11:28:38+00:00\" \/>\n<meta property=\"og:image\" content=\"https:\/\/separee.com\/wp-content\/uploads\/2023\/09\/Cover_S11.jpg\" \/>\n\t<meta property=\"og:image:width\" content=\"600\" \/>\n\t<meta property=\"og:image:height\" content=\"783\" \/>\n\t<meta property=\"og:image:type\" content=\"image\/jpeg\" \/>\n<meta name=\"twitter:card\" content=\"summary_large_image\" \/>\n<script type=\"application\/ld+json\" class=\"yoast-schema-graph\">{\"@context\":\"https:\\\/\\\/schema.org\",\"@graph\":[{\"@type\":\"WebPage\",\"@id\":\"https:\\\/\\\/separee.com\\\/en\\\/produkt\\\/separee-no-11\\\/\",\"url\":\"https:\\\/\\\/separee.com\\\/en\\\/produkt\\\/separee-no-11\\\/\",\"name\":\"S\u00e9par\u00e9e No. 11 - S\u00e9par\u00e9e Magazine\",\"isPartOf\":{\"@id\":\"https:\\\/\\\/separee.com\\\/en\\\/#website\"},\"primaryImageOfPage\":{\"@id\":\"https:\\\/\\\/separee.com\\\/en\\\/produkt\\\/separee-no-11\\\/#primaryimage\"},\"image\":{\"@id\":\"https:\\\/\\\/separee.com\\\/en\\\/produkt\\\/separee-no-11\\\/#primaryimage\"},\"thumbnailUrl\":\"https:\\\/\\\/separee.com\\\/wp-content\\\/uploads\\\/2023\\\/09\\\/Cover_S11.jpg\",\"datePublished\":\"2023-09-09T14:39:35+00:00\",\"dateModified\":\"2023-09-25T11:28:38+00:00\",\"breadcrumb\":{\"@id\":\"https:\\\/\\\/separee.com\\\/en\\\/produkt\\\/separee-no-11\\\/#breadcrumb\"},\"inLanguage\":\"en-US\",\"potentialAction\":[{\"@type\":\"ReadAction\",\"target\":[\"https:\\\/\\\/separee.com\\\/en\\\/produkt\\\/separee-no-11\\\/\"]}]},{\"@type\":\"ImageObject\",\"inLanguage\":\"en-US\",\"@id\":\"https:\\\/\\\/separee.com\\\/en\\\/produkt\\\/separee-no-11\\\/#primaryimage\",\"url\":\"https:\\\/\\\/separee.com\\\/wp-content\\\/uploads\\\/2023\\\/09\\\/Cover_S11.jpg\",\"contentUrl\":\"https:\\\/\\\/separee.com\\\/wp-content\\\/uploads\\\/2023\\\/09\\\/Cover_S11.jpg\",\"width\":600,\"height\":783},{\"@type\":\"BreadcrumbList\",\"@id\":\"https:\\\/\\\/separee.com\\\/en\\\/produkt\\\/separee-no-11\\\/#breadcrumb\",\"itemListElement\":[{\"@type\":\"ListItem\",\"position\":1,\"name\":\"Startseite\",\"item\":\"https:\\\/\\\/separee.com\\\/en\\\/\"},{\"@type\":\"ListItem\",\"position\":2,\"name\":\"Alle Produkte\",\"item\":\"https:\\\/\\\/separee.com\\\/elementor-12752\\\/\"},{\"@type\":\"ListItem\",\"position\":3,\"name\":\"S\u00e9par\u00e9e No. 11\"}]},{\"@type\":\"WebSite\",\"@id\":\"https:\\\/\\\/separee.com\\\/en\\\/#website\",\"url\":\"https:\\\/\\\/separee.com\\\/en\\\/\",\"name\":\"S\u00e9par\u00e9e Magazine\",\"description\":\"Selbstbewusst &amp; Sinnlich\",\"publisher\":{\"@id\":\"https:\\\/\\\/separee.com\\\/en\\\/#organization\"},\"potentialAction\":[{\"@type\":\"SearchAction\",\"target\":{\"@type\":\"EntryPoint\",\"urlTemplate\":\"https:\\\/\\\/separee.com\\\/en\\\/?s={search_term_string}\"},\"query-input\":{\"@type\":\"PropertyValueSpecification\",\"valueRequired\":true,\"valueName\":\"search_term_string\"}}],\"inLanguage\":\"en-US\"},{\"@type\":\"Organization\",\"@id\":\"https:\\\/\\\/separee.com\\\/en\\\/#organization\",\"name\":\"S\u00e9par\u00e9e Magazine\",\"url\":\"https:\\\/\\\/separee.com\\\/en\\\/\",\"logo\":{\"@type\":\"ImageObject\",\"inLanguage\":\"en-US\",\"@id\":\"https:\\\/\\\/separee.com\\\/en\\\/#\\\/schema\\\/logo\\\/image\\\/\",\"url\":\"https:\\\/\\\/separee.com\\\/wp-content\\\/uploads\\\/2021\\\/08\\\/Separee_Logo_n_web-Kopie.png\",\"contentUrl\":\"https:\\\/\\\/separee.com\\\/wp-content\\\/uploads\\\/2021\\\/08\\\/Separee_Logo_n_web-Kopie.png\",\"width\":1831,\"height\":862,\"caption\":\"S\u00e9par\u00e9e Magazine\"},\"image\":{\"@id\":\"https:\\\/\\\/separee.com\\\/en\\\/#\\\/schema\\\/logo\\\/image\\\/\"}}]}<\/script>\n<!-- \/ Yoast SEO plugin. -->","yoast_head_json":{"title":"S\u00e9par\u00e9e No. 11 - S\u00e9par\u00e9e Magazine","robots":{"index":"index","follow":"follow","max-snippet":"max-snippet:-1","max-image-preview":"max-image-preview:large","max-video-preview":"max-video-preview:-1"},"canonical":"https:\/\/separee.com\/en\/produkt\/separee-no-11\/","og_locale":"en_US","og_type":"article","og_title":"S\u00e9par\u00e9e No. 11 - S\u00e9par\u00e9e Magazine","og_description":"Buy the German print issue of S\u00e9par\u00e9e No. 11 online (plus shipping). Includes: many\u00a0femmes fatales in amazing photographs and texts a hot nude snowman an interview with a BDSM expert experiences during a yoni massage tips for getting away from the cold and more bare men","og_url":"https:\/\/separee.com\/en\/produkt\/separee-no-11\/","og_site_name":"S\u00e9par\u00e9e Magazine","article_modified_time":"2023-09-25T11:28:38+00:00","og_image":[{"width":600,"height":783,"url":"https:\/\/separee.com\/wp-content\/uploads\/2023\/09\/Cover_S11.jpg","type":"image\/jpeg"}],"twitter_card":"summary_large_image","schema":{"@context":"https:\/\/schema.org","@graph":[{"@type":"WebPage","@id":"https:\/\/separee.com\/en\/produkt\/separee-no-11\/","url":"https:\/\/separee.com\/en\/produkt\/separee-no-11\/","name":"S\u00e9par\u00e9e No. 11 - S\u00e9par\u00e9e Magazine","isPartOf":{"@id":"https:\/\/separee.com\/en\/#website"},"primaryImageOfPage":{"@id":"https:\/\/separee.com\/en\/produkt\/separee-no-11\/#primaryimage"},"image":{"@id":"https:\/\/separee.com\/en\/produkt\/separee-no-11\/#primaryimage"},"thumbnailUrl":"https:\/\/separee.com\/wp-content\/uploads\/2023\/09\/Cover_S11.jpg","datePublished":"2023-09-09T14:39:35+00:00","dateModified":"2023-09-25T11:28:38+00:00","breadcrumb":{"@id":"https:\/\/separee.com\/en\/produkt\/separee-no-11\/#breadcrumb"},"inLanguage":"en-US","potentialAction":[{"@type":"ReadAction","target":["https:\/\/separee.com\/en\/produkt\/separee-no-11\/"]}]},{"@type":"ImageObject","inLanguage":"en-US","@id":"https:\/\/separee.com\/en\/produkt\/separee-no-11\/#primaryimage","url":"https:\/\/separee.com\/wp-content\/uploads\/2023\/09\/Cover_S11.jpg","contentUrl":"https:\/\/separee.com\/wp-content\/uploads\/2023\/09\/Cover_S11.jpg","width":600,"height":783},{"@type":"BreadcrumbList","@id":"https:\/\/separee.com\/en\/produkt\/separee-no-11\/#breadcrumb","itemListElement":[{"@type":"ListItem","position":1,"name":"Startseite","item":"https:\/\/separee.com\/en\/"},{"@type":"ListItem","position":2,"name":"Alle Produkte","item":"https:\/\/separee.com\/elementor-12752\/"},{"@type":"ListItem","position":3,"name":"S\u00e9par\u00e9e No. 11"}]},{"@type":"WebSite","@id":"https:\/\/separee.com\/en\/#website","url":"https:\/\/separee.com\/en\/","name":"S\u00e9par\u00e9e Magazine","description":"Selbstbewusst &amp; Sinnlich","publisher":{"@id":"https:\/\/separee.com\/en\/#organization"},"potentialAction":[{"@type":"SearchAction","target":{"@type":"EntryPoint","urlTemplate":"https:\/\/separee.com\/en\/?s={search_term_string}"},"query-input":{"@type":"PropertyValueSpecification","valueRequired":true,"valueName":"search_term_string"}}],"inLanguage":"en-US"},{"@type":"Organization","@id":"https:\/\/separee.com\/en\/#organization","name":"S\u00e9par\u00e9e Magazine","url":"https:\/\/separee.com\/en\/","logo":{"@type":"ImageObject","inLanguage":"en-US","@id":"https:\/\/separee.com\/en\/#\/schema\/logo\/image\/","url":"https:\/\/separee.com\/wp-content\/uploads\/2021\/08\/Separee_Logo_n_web-Kopie.png","contentUrl":"https:\/\/separee.com\/wp-content\/uploads\/2021\/08\/Separee_Logo_n_web-Kopie.png","width":1831,"height":862,"caption":"S\u00e9par\u00e9e Magazine"},"image":{"@id":"https:\/\/separee.com\/en\/#\/schema\/logo\/image\/"}}]}},"_links":{"self":[{"href":"https:\/\/separee.com\/en\/wp-json\/wp\/v2\/product\/11995","targetHints":{"allow":["GET"]}}],"collection":[{"href":"https:\/\/separee.com\/en\/wp-json\/wp\/v2\/product"}],"about":[{"href":"https:\/\/separee.com\/en\/wp-json\/wp\/v2\/types\/product"}],"replies":[{"embeddable":true,"href":"https:\/\/separee.com\/en\/wp-json\/wp\/v2\/comments?post=11995"}],"wp:featuredmedia":[{"embeddable":true,"href":"https:\/\/separee.com\/en\/wp-json\/wp\/v2\/media\/11658"}],"wp:attachment":[{"href":"https:\/\/separee.com\/en\/wp-json\/wp\/v2\/media?parent=11995"}],"wp:term":[{"taxonomy":"product_brand","embeddable":true,"href":"https:\/\/separee.com\/en\/wp-json\/wp\/v2\/product_brand?post=11995"},{"taxonomy":"product_cat","embeddable":true,"href":"https:\/\/separee.com\/en\/wp-json\/wp\/v2\/product_cat?post=11995"},{"taxonomy":"product_tag","embeddable":true,"href":"https:\/\/separee.com\/en\/wp-json\/wp\/v2\/product_tag?post=11995"}],"curies":[{"name":"wp","href":"https:\/\/api.w.org\/{rel}","templated":true}]}}