{"id":11985,"date":"2023-09-12T13:27:56","date_gmt":"2023-09-12T11:27:56","guid":{"rendered":"https:\/\/separee.com\/?post_type=product&#038;p=11985"},"modified":"2023-09-25T13:24:01","modified_gmt":"2023-09-25T11:24:01","slug":"separee-no-21","status":"publish","type":"product","link":"https:\/\/separee.com\/en\/produkt\/separee-no-21\/","title":{"rendered":"S\u00e9par\u00e9e No. 21"},"content":{"rendered":"<p>Secure your copy of the German print issue of S\u00e9par\u00e9e No. 21 to complete your collection (plus shipping).<\/p>\n<p>Includes:<\/p>\n<ul>\n<li>Come as you like &#8211; orgasm explained<\/li>\n<li>Slow sex, soul sex &#8211; mindfulness in bed<\/li>\n<li>An interview with the CEO of a sex toy manufacturer<\/li>\n<li>FGM \u2013 a sobering report<\/li>\n<li>Incredible body scapes and even more naked men<\/li>\n<li>Heroes and agents &#8211; an escort service for ladies<\/li>\n<li>And much more<\/li>\n<\/ul>\n<p>Plus international shipping (\u20ac3.70)<\/p>\n","protected":false},"excerpt":{"rendered":"<p>Secure your copy of the German print issue of S\u00e9par\u00e9e No. 21 to complete your collection (plus shipping). Includes: Come as you like &#8211; orgasm explained Slow sex, soul sex &#8211; mindfulness in bed An interview with the CEO of a sex toy manufacturer FGM \u2013 a sobering report Incredible body scapes and even more [&hellip;]<\/p>\n","protected":false},"featured_media":16621,"comment_status":"closed","ping_status":"closed","template":"","meta":[],"product_brand":[],"product_cat":[],"product_tag":[],"class_list":{"0":"post-11985","1":"product","2":"type-product","3":"status-publish","4":"has-post-thumbnail","7":"first","8":"outofstock","9":"taxable","10":"shipping-taxable","11":"purchasable","12":"product-type-simple"},"yoast_head":"<!-- This site is optimized with the Yoast SEO plugin v27.4 - https:\/\/yoast.com\/product\/yoast-seo-wordpress\/ -->\n<title>S\u00e9par\u00e9e No. 21 - S\u00e9par\u00e9e Magazine<\/title>\n<meta name=\"robots\" content=\"index, follow, max-snippet:-1, max-image-preview:large, max-video-preview:-1\" \/>\n<link rel=\"canonical\" href=\"https:\/\/separee.com\/en\/produkt\/separee-no-21\/\" \/>\n<meta property=\"og:locale\" content=\"en_US\" \/>\n<meta property=\"og:type\" content=\"article\" \/>\n<meta property=\"og:title\" content=\"S\u00e9par\u00e9e No. 21 - S\u00e9par\u00e9e Magazine\" \/>\n<meta property=\"og:description\" content=\"Secure your copy of the German print issue of S\u00e9par\u00e9e No. 21 to complete your collection (plus shipping). Includes: Come as you like &#8211; orgasm explained Slow sex, soul sex &#8211; mindfulness in bed An interview with the CEO of a sex toy manufacturer FGM \u2013 a sobering report Incredible body scapes and even more [&hellip;]\" \/>\n<meta property=\"og:url\" content=\"https:\/\/separee.com\/en\/produkt\/separee-no-21\/\" \/>\n<meta property=\"og:site_name\" content=\"S\u00e9par\u00e9e Magazine\" \/>\n<meta property=\"article:modified_time\" content=\"2023-09-25T11:24:01+00:00\" \/>\n<meta property=\"og:image\" content=\"https:\/\/separee.com\/wp-content\/uploads\/2023\/09\/cover_S21-1.jpg\" \/>\n\t<meta property=\"og:image:width\" content=\"600\" \/>\n\t<meta property=\"og:image:height\" content=\"772\" \/>\n\t<meta property=\"og:image:type\" content=\"image\/jpeg\" \/>\n<meta name=\"twitter:card\" content=\"summary_large_image\" \/>\n<script type=\"application\/ld+json\" class=\"yoast-schema-graph\">{\"@context\":\"https:\\\/\\\/schema.org\",\"@graph\":[{\"@type\":\"WebPage\",\"@id\":\"https:\\\/\\\/separee.com\\\/en\\\/produkt\\\/separee-no-21\\\/\",\"url\":\"https:\\\/\\\/separee.com\\\/en\\\/produkt\\\/separee-no-21\\\/\",\"name\":\"S\u00e9par\u00e9e No. 21 - S\u00e9par\u00e9e Magazine\",\"isPartOf\":{\"@id\":\"https:\\\/\\\/separee.com\\\/en\\\/#website\"},\"primaryImageOfPage\":{\"@id\":\"https:\\\/\\\/separee.com\\\/en\\\/produkt\\\/separee-no-21\\\/#primaryimage\"},\"image\":{\"@id\":\"https:\\\/\\\/separee.com\\\/en\\\/produkt\\\/separee-no-21\\\/#primaryimage\"},\"thumbnailUrl\":\"https:\\\/\\\/separee.com\\\/wp-content\\\/uploads\\\/2025\\\/07\\\/S21_Layout_RH_v5_Cover_ausverkauft.jpg\",\"datePublished\":\"2023-09-12T11:27:56+00:00\",\"dateModified\":\"2023-09-25T11:24:01+00:00\",\"breadcrumb\":{\"@id\":\"https:\\\/\\\/separee.com\\\/en\\\/produkt\\\/separee-no-21\\\/#breadcrumb\"},\"inLanguage\":\"en-US\",\"potentialAction\":[{\"@type\":\"ReadAction\",\"target\":[\"https:\\\/\\\/separee.com\\\/en\\\/produkt\\\/separee-no-21\\\/\"]}]},{\"@type\":\"ImageObject\",\"inLanguage\":\"en-US\",\"@id\":\"https:\\\/\\\/separee.com\\\/en\\\/produkt\\\/separee-no-21\\\/#primaryimage\",\"url\":\"https:\\\/\\\/separee.com\\\/wp-content\\\/uploads\\\/2025\\\/07\\\/S21_Layout_RH_v5_Cover_ausverkauft.jpg\",\"contentUrl\":\"https:\\\/\\\/separee.com\\\/wp-content\\\/uploads\\\/2025\\\/07\\\/S21_Layout_RH_v5_Cover_ausverkauft.jpg\",\"width\":1200,\"height\":1543},{\"@type\":\"BreadcrumbList\",\"@id\":\"https:\\\/\\\/separee.com\\\/en\\\/produkt\\\/separee-no-21\\\/#breadcrumb\",\"itemListElement\":[{\"@type\":\"ListItem\",\"position\":1,\"name\":\"Startseite\",\"item\":\"https:\\\/\\\/separee.com\\\/en\\\/\"},{\"@type\":\"ListItem\",\"position\":2,\"name\":\"Alle Produkte\",\"item\":\"https:\\\/\\\/separee.com\\\/elementor-12752\\\/\"},{\"@type\":\"ListItem\",\"position\":3,\"name\":\"S\u00e9par\u00e9e No. 21\"}]},{\"@type\":\"WebSite\",\"@id\":\"https:\\\/\\\/separee.com\\\/en\\\/#website\",\"url\":\"https:\\\/\\\/separee.com\\\/en\\\/\",\"name\":\"S\u00e9par\u00e9e Magazine\",\"description\":\"Selbstbewusst &amp; Sinnlich\",\"publisher\":{\"@id\":\"https:\\\/\\\/separee.com\\\/en\\\/#organization\"},\"potentialAction\":[{\"@type\":\"SearchAction\",\"target\":{\"@type\":\"EntryPoint\",\"urlTemplate\":\"https:\\\/\\\/separee.com\\\/en\\\/?s={search_term_string}\"},\"query-input\":{\"@type\":\"PropertyValueSpecification\",\"valueRequired\":true,\"valueName\":\"search_term_string\"}}],\"inLanguage\":\"en-US\"},{\"@type\":\"Organization\",\"@id\":\"https:\\\/\\\/separee.com\\\/en\\\/#organization\",\"name\":\"S\u00e9par\u00e9e Magazine\",\"url\":\"https:\\\/\\\/separee.com\\\/en\\\/\",\"logo\":{\"@type\":\"ImageObject\",\"inLanguage\":\"en-US\",\"@id\":\"https:\\\/\\\/separee.com\\\/en\\\/#\\\/schema\\\/logo\\\/image\\\/\",\"url\":\"https:\\\/\\\/separee.com\\\/wp-content\\\/uploads\\\/2021\\\/08\\\/Separee_Logo_n_web-Kopie.png\",\"contentUrl\":\"https:\\\/\\\/separee.com\\\/wp-content\\\/uploads\\\/2021\\\/08\\\/Separee_Logo_n_web-Kopie.png\",\"width\":1831,\"height\":862,\"caption\":\"S\u00e9par\u00e9e Magazine\"},\"image\":{\"@id\":\"https:\\\/\\\/separee.com\\\/en\\\/#\\\/schema\\\/logo\\\/image\\\/\"}}]}<\/script>\n<!-- \/ Yoast SEO plugin. -->","yoast_head_json":{"title":"S\u00e9par\u00e9e No. 21 - S\u00e9par\u00e9e Magazine","robots":{"index":"index","follow":"follow","max-snippet":"max-snippet:-1","max-image-preview":"max-image-preview:large","max-video-preview":"max-video-preview:-1"},"canonical":"https:\/\/separee.com\/en\/produkt\/separee-no-21\/","og_locale":"en_US","og_type":"article","og_title":"S\u00e9par\u00e9e No. 21 - S\u00e9par\u00e9e Magazine","og_description":"Secure your copy of the German print issue of S\u00e9par\u00e9e No. 21 to complete your collection (plus shipping). Includes: Come as you like &#8211; orgasm explained Slow sex, soul sex &#8211; mindfulness in bed An interview with the CEO of a sex toy manufacturer FGM \u2013 a sobering report Incredible body scapes and even more [&hellip;]","og_url":"https:\/\/separee.com\/en\/produkt\/separee-no-21\/","og_site_name":"S\u00e9par\u00e9e Magazine","article_modified_time":"2023-09-25T11:24:01+00:00","og_image":[{"width":600,"height":772,"url":"https:\/\/separee.com\/wp-content\/uploads\/2023\/09\/cover_S21-1.jpg","type":"image\/jpeg"}],"twitter_card":"summary_large_image","schema":{"@context":"https:\/\/schema.org","@graph":[{"@type":"WebPage","@id":"https:\/\/separee.com\/en\/produkt\/separee-no-21\/","url":"https:\/\/separee.com\/en\/produkt\/separee-no-21\/","name":"S\u00e9par\u00e9e No. 21 - S\u00e9par\u00e9e Magazine","isPartOf":{"@id":"https:\/\/separee.com\/en\/#website"},"primaryImageOfPage":{"@id":"https:\/\/separee.com\/en\/produkt\/separee-no-21\/#primaryimage"},"image":{"@id":"https:\/\/separee.com\/en\/produkt\/separee-no-21\/#primaryimage"},"thumbnailUrl":"https:\/\/separee.com\/wp-content\/uploads\/2025\/07\/S21_Layout_RH_v5_Cover_ausverkauft.jpg","datePublished":"2023-09-12T11:27:56+00:00","dateModified":"2023-09-25T11:24:01+00:00","breadcrumb":{"@id":"https:\/\/separee.com\/en\/produkt\/separee-no-21\/#breadcrumb"},"inLanguage":"en-US","potentialAction":[{"@type":"ReadAction","target":["https:\/\/separee.com\/en\/produkt\/separee-no-21\/"]}]},{"@type":"ImageObject","inLanguage":"en-US","@id":"https:\/\/separee.com\/en\/produkt\/separee-no-21\/#primaryimage","url":"https:\/\/separee.com\/wp-content\/uploads\/2025\/07\/S21_Layout_RH_v5_Cover_ausverkauft.jpg","contentUrl":"https:\/\/separee.com\/wp-content\/uploads\/2025\/07\/S21_Layout_RH_v5_Cover_ausverkauft.jpg","width":1200,"height":1543},{"@type":"BreadcrumbList","@id":"https:\/\/separee.com\/en\/produkt\/separee-no-21\/#breadcrumb","itemListElement":[{"@type":"ListItem","position":1,"name":"Startseite","item":"https:\/\/separee.com\/en\/"},{"@type":"ListItem","position":2,"name":"Alle Produkte","item":"https:\/\/separee.com\/elementor-12752\/"},{"@type":"ListItem","position":3,"name":"S\u00e9par\u00e9e No. 21"}]},{"@type":"WebSite","@id":"https:\/\/separee.com\/en\/#website","url":"https:\/\/separee.com\/en\/","name":"S\u00e9par\u00e9e Magazine","description":"Selbstbewusst &amp; Sinnlich","publisher":{"@id":"https:\/\/separee.com\/en\/#organization"},"potentialAction":[{"@type":"SearchAction","target":{"@type":"EntryPoint","urlTemplate":"https:\/\/separee.com\/en\/?s={search_term_string}"},"query-input":{"@type":"PropertyValueSpecification","valueRequired":true,"valueName":"search_term_string"}}],"inLanguage":"en-US"},{"@type":"Organization","@id":"https:\/\/separee.com\/en\/#organization","name":"S\u00e9par\u00e9e Magazine","url":"https:\/\/separee.com\/en\/","logo":{"@type":"ImageObject","inLanguage":"en-US","@id":"https:\/\/separee.com\/en\/#\/schema\/logo\/image\/","url":"https:\/\/separee.com\/wp-content\/uploads\/2021\/08\/Separee_Logo_n_web-Kopie.png","contentUrl":"https:\/\/separee.com\/wp-content\/uploads\/2021\/08\/Separee_Logo_n_web-Kopie.png","width":1831,"height":862,"caption":"S\u00e9par\u00e9e Magazine"},"image":{"@id":"https:\/\/separee.com\/en\/#\/schema\/logo\/image\/"}}]}},"_links":{"self":[{"href":"https:\/\/separee.com\/en\/wp-json\/wp\/v2\/product\/11985","targetHints":{"allow":["GET"]}}],"collection":[{"href":"https:\/\/separee.com\/en\/wp-json\/wp\/v2\/product"}],"about":[{"href":"https:\/\/separee.com\/en\/wp-json\/wp\/v2\/types\/product"}],"replies":[{"embeddable":true,"href":"https:\/\/separee.com\/en\/wp-json\/wp\/v2\/comments?post=11985"}],"wp:featuredmedia":[{"embeddable":true,"href":"https:\/\/separee.com\/en\/wp-json\/wp\/v2\/media\/16621"}],"wp:attachment":[{"href":"https:\/\/separee.com\/en\/wp-json\/wp\/v2\/media?parent=11985"}],"wp:term":[{"taxonomy":"product_brand","embeddable":true,"href":"https:\/\/separee.com\/en\/wp-json\/wp\/v2\/product_brand?post=11985"},{"taxonomy":"product_cat","embeddable":true,"href":"https:\/\/separee.com\/en\/wp-json\/wp\/v2\/product_cat?post=11985"},{"taxonomy":"product_tag","embeddable":true,"href":"https:\/\/separee.com\/en\/wp-json\/wp\/v2\/product_tag?post=11985"}],"curies":[{"name":"wp","href":"https:\/\/api.w.org\/{rel}","templated":true}]}}