{"id":11979,"date":"2023-09-12T21:46:02","date_gmt":"2023-09-12T19:46:02","guid":{"rendered":"https:\/\/separee.com\/?post_type=product&#038;p=11979"},"modified":"2023-09-25T13:16:41","modified_gmt":"2023-09-25T11:16:41","slug":"separee-no-27","status":"publish","type":"product","link":"https:\/\/separee.com\/en\/produkt\/separee-no-27\/","title":{"rendered":"S\u00e9par\u00e9e No. 27"},"content":{"rendered":"<p>Secure your copy of the German print issue of S\u00e9par\u00e9e No. 27 to complete your collection (plus shipping).<\/p>\n<p>Includes:<\/p>\n<ul>\n<li>Erotic travel stories for lockdowns<\/li>\n<li>Visual inspiration for home office days<\/li>\n<li>Natural contraception \u2013 a field report<\/li>\n<li>Vasectomy \u2013 small cut, big effect<\/li>\n<li>Many sexy guys<\/li>\n<li>Toys for men being tested<\/li>\n<li>Some (self-)love please<\/li>\n<li>International relations in bed and much more<\/li>\n<\/ul>\n<p>Plus international shipping (\u20ac3.70)<\/p>\n","protected":false},"excerpt":{"rendered":"<p>Secure your copy of the German print issue of S\u00e9par\u00e9e No. 27 to complete your collection (plus shipping). Includes: Erotic travel stories for lockdowns Visual inspiration for home office days Natural contraception \u2013 a field report Vasectomy \u2013 small cut, big effect Many sexy guys Toys for men being tested Some (self-)love please International relations [&hellip;]<\/p>\n","protected":false},"featured_media":11709,"comment_status":"closed","ping_status":"closed","template":"","meta":[],"product_brand":[],"product_cat":[],"product_tag":[],"class_list":{"0":"post-11979","1":"product","2":"type-product","3":"status-publish","4":"has-post-thumbnail","7":"first","8":"instock","9":"taxable","10":"shipping-taxable","11":"purchasable","12":"product-type-simple"},"yoast_head":"<!-- This site is optimized with the Yoast SEO plugin v27.4 - https:\/\/yoast.com\/product\/yoast-seo-wordpress\/ -->\n<title>S\u00e9par\u00e9e No. 27 - S\u00e9par\u00e9e Magazine<\/title>\n<meta name=\"robots\" content=\"index, follow, max-snippet:-1, max-image-preview:large, max-video-preview:-1\" \/>\n<link rel=\"canonical\" href=\"https:\/\/separee.com\/en\/produkt\/separee-no-27\/\" \/>\n<meta property=\"og:locale\" content=\"en_US\" \/>\n<meta property=\"og:type\" content=\"article\" \/>\n<meta property=\"og:title\" content=\"S\u00e9par\u00e9e No. 27 - S\u00e9par\u00e9e Magazine\" \/>\n<meta property=\"og:description\" content=\"Secure your copy of the German print issue of S\u00e9par\u00e9e No. 27 to complete your collection (plus shipping). Includes: Erotic travel stories for lockdowns Visual inspiration for home office days Natural contraception \u2013 a field report Vasectomy \u2013 small cut, big effect Many sexy guys Toys for men being tested Some (self-)love please International relations [&hellip;]\" \/>\n<meta property=\"og:url\" content=\"https:\/\/separee.com\/en\/produkt\/separee-no-27\/\" \/>\n<meta property=\"og:site_name\" content=\"S\u00e9par\u00e9e Magazine\" \/>\n<meta property=\"article:modified_time\" content=\"2023-09-25T11:16:41+00:00\" \/>\n<meta property=\"og:image\" content=\"https:\/\/separee.com\/wp-content\/uploads\/2023\/09\/Cover_S27-1.jpg\" \/>\n\t<meta property=\"og:image:width\" content=\"600\" \/>\n\t<meta property=\"og:image:height\" content=\"772\" \/>\n\t<meta property=\"og:image:type\" content=\"image\/jpeg\" \/>\n<meta name=\"twitter:card\" content=\"summary_large_image\" \/>\n<script type=\"application\/ld+json\" class=\"yoast-schema-graph\">{\"@context\":\"https:\\\/\\\/schema.org\",\"@graph\":[{\"@type\":\"WebPage\",\"@id\":\"https:\\\/\\\/separee.com\\\/en\\\/produkt\\\/separee-no-27\\\/\",\"url\":\"https:\\\/\\\/separee.com\\\/en\\\/produkt\\\/separee-no-27\\\/\",\"name\":\"S\u00e9par\u00e9e No. 27 - S\u00e9par\u00e9e Magazine\",\"isPartOf\":{\"@id\":\"https:\\\/\\\/separee.com\\\/en\\\/#website\"},\"primaryImageOfPage\":{\"@id\":\"https:\\\/\\\/separee.com\\\/en\\\/produkt\\\/separee-no-27\\\/#primaryimage\"},\"image\":{\"@id\":\"https:\\\/\\\/separee.com\\\/en\\\/produkt\\\/separee-no-27\\\/#primaryimage\"},\"thumbnailUrl\":\"https:\\\/\\\/separee.com\\\/wp-content\\\/uploads\\\/2023\\\/09\\\/Cover_S27-1.jpg\",\"datePublished\":\"2023-09-12T19:46:02+00:00\",\"dateModified\":\"2023-09-25T11:16:41+00:00\",\"breadcrumb\":{\"@id\":\"https:\\\/\\\/separee.com\\\/en\\\/produkt\\\/separee-no-27\\\/#breadcrumb\"},\"inLanguage\":\"en-US\",\"potentialAction\":[{\"@type\":\"ReadAction\",\"target\":[\"https:\\\/\\\/separee.com\\\/en\\\/produkt\\\/separee-no-27\\\/\"]}]},{\"@type\":\"ImageObject\",\"inLanguage\":\"en-US\",\"@id\":\"https:\\\/\\\/separee.com\\\/en\\\/produkt\\\/separee-no-27\\\/#primaryimage\",\"url\":\"https:\\\/\\\/separee.com\\\/wp-content\\\/uploads\\\/2023\\\/09\\\/Cover_S27-1.jpg\",\"contentUrl\":\"https:\\\/\\\/separee.com\\\/wp-content\\\/uploads\\\/2023\\\/09\\\/Cover_S27-1.jpg\",\"width\":600,\"height\":772},{\"@type\":\"BreadcrumbList\",\"@id\":\"https:\\\/\\\/separee.com\\\/en\\\/produkt\\\/separee-no-27\\\/#breadcrumb\",\"itemListElement\":[{\"@type\":\"ListItem\",\"position\":1,\"name\":\"Startseite\",\"item\":\"https:\\\/\\\/separee.com\\\/en\\\/\"},{\"@type\":\"ListItem\",\"position\":2,\"name\":\"Alle Produkte\",\"item\":\"https:\\\/\\\/separee.com\\\/elementor-12752\\\/\"},{\"@type\":\"ListItem\",\"position\":3,\"name\":\"S\u00e9par\u00e9e No. 27\"}]},{\"@type\":\"WebSite\",\"@id\":\"https:\\\/\\\/separee.com\\\/en\\\/#website\",\"url\":\"https:\\\/\\\/separee.com\\\/en\\\/\",\"name\":\"S\u00e9par\u00e9e Magazine\",\"description\":\"Selbstbewusst &amp; Sinnlich\",\"publisher\":{\"@id\":\"https:\\\/\\\/separee.com\\\/en\\\/#organization\"},\"potentialAction\":[{\"@type\":\"SearchAction\",\"target\":{\"@type\":\"EntryPoint\",\"urlTemplate\":\"https:\\\/\\\/separee.com\\\/en\\\/?s={search_term_string}\"},\"query-input\":{\"@type\":\"PropertyValueSpecification\",\"valueRequired\":true,\"valueName\":\"search_term_string\"}}],\"inLanguage\":\"en-US\"},{\"@type\":\"Organization\",\"@id\":\"https:\\\/\\\/separee.com\\\/en\\\/#organization\",\"name\":\"S\u00e9par\u00e9e Magazine\",\"url\":\"https:\\\/\\\/separee.com\\\/en\\\/\",\"logo\":{\"@type\":\"ImageObject\",\"inLanguage\":\"en-US\",\"@id\":\"https:\\\/\\\/separee.com\\\/en\\\/#\\\/schema\\\/logo\\\/image\\\/\",\"url\":\"https:\\\/\\\/separee.com\\\/wp-content\\\/uploads\\\/2021\\\/08\\\/Separee_Logo_n_web-Kopie.png\",\"contentUrl\":\"https:\\\/\\\/separee.com\\\/wp-content\\\/uploads\\\/2021\\\/08\\\/Separee_Logo_n_web-Kopie.png\",\"width\":1831,\"height\":862,\"caption\":\"S\u00e9par\u00e9e Magazine\"},\"image\":{\"@id\":\"https:\\\/\\\/separee.com\\\/en\\\/#\\\/schema\\\/logo\\\/image\\\/\"}}]}<\/script>\n<!-- \/ Yoast SEO plugin. -->","yoast_head_json":{"title":"S\u00e9par\u00e9e No. 27 - S\u00e9par\u00e9e Magazine","robots":{"index":"index","follow":"follow","max-snippet":"max-snippet:-1","max-image-preview":"max-image-preview:large","max-video-preview":"max-video-preview:-1"},"canonical":"https:\/\/separee.com\/en\/produkt\/separee-no-27\/","og_locale":"en_US","og_type":"article","og_title":"S\u00e9par\u00e9e No. 27 - S\u00e9par\u00e9e Magazine","og_description":"Secure your copy of the German print issue of S\u00e9par\u00e9e No. 27 to complete your collection (plus shipping). Includes: Erotic travel stories for lockdowns Visual inspiration for home office days Natural contraception \u2013 a field report Vasectomy \u2013 small cut, big effect Many sexy guys Toys for men being tested Some (self-)love please International relations [&hellip;]","og_url":"https:\/\/separee.com\/en\/produkt\/separee-no-27\/","og_site_name":"S\u00e9par\u00e9e Magazine","article_modified_time":"2023-09-25T11:16:41+00:00","og_image":[{"width":600,"height":772,"url":"https:\/\/separee.com\/wp-content\/uploads\/2023\/09\/Cover_S27-1.jpg","type":"image\/jpeg"}],"twitter_card":"summary_large_image","schema":{"@context":"https:\/\/schema.org","@graph":[{"@type":"WebPage","@id":"https:\/\/separee.com\/en\/produkt\/separee-no-27\/","url":"https:\/\/separee.com\/en\/produkt\/separee-no-27\/","name":"S\u00e9par\u00e9e No. 27 - S\u00e9par\u00e9e Magazine","isPartOf":{"@id":"https:\/\/separee.com\/en\/#website"},"primaryImageOfPage":{"@id":"https:\/\/separee.com\/en\/produkt\/separee-no-27\/#primaryimage"},"image":{"@id":"https:\/\/separee.com\/en\/produkt\/separee-no-27\/#primaryimage"},"thumbnailUrl":"https:\/\/separee.com\/wp-content\/uploads\/2023\/09\/Cover_S27-1.jpg","datePublished":"2023-09-12T19:46:02+00:00","dateModified":"2023-09-25T11:16:41+00:00","breadcrumb":{"@id":"https:\/\/separee.com\/en\/produkt\/separee-no-27\/#breadcrumb"},"inLanguage":"en-US","potentialAction":[{"@type":"ReadAction","target":["https:\/\/separee.com\/en\/produkt\/separee-no-27\/"]}]},{"@type":"ImageObject","inLanguage":"en-US","@id":"https:\/\/separee.com\/en\/produkt\/separee-no-27\/#primaryimage","url":"https:\/\/separee.com\/wp-content\/uploads\/2023\/09\/Cover_S27-1.jpg","contentUrl":"https:\/\/separee.com\/wp-content\/uploads\/2023\/09\/Cover_S27-1.jpg","width":600,"height":772},{"@type":"BreadcrumbList","@id":"https:\/\/separee.com\/en\/produkt\/separee-no-27\/#breadcrumb","itemListElement":[{"@type":"ListItem","position":1,"name":"Startseite","item":"https:\/\/separee.com\/en\/"},{"@type":"ListItem","position":2,"name":"Alle Produkte","item":"https:\/\/separee.com\/elementor-12752\/"},{"@type":"ListItem","position":3,"name":"S\u00e9par\u00e9e No. 27"}]},{"@type":"WebSite","@id":"https:\/\/separee.com\/en\/#website","url":"https:\/\/separee.com\/en\/","name":"S\u00e9par\u00e9e Magazine","description":"Selbstbewusst &amp; Sinnlich","publisher":{"@id":"https:\/\/separee.com\/en\/#organization"},"potentialAction":[{"@type":"SearchAction","target":{"@type":"EntryPoint","urlTemplate":"https:\/\/separee.com\/en\/?s={search_term_string}"},"query-input":{"@type":"PropertyValueSpecification","valueRequired":true,"valueName":"search_term_string"}}],"inLanguage":"en-US"},{"@type":"Organization","@id":"https:\/\/separee.com\/en\/#organization","name":"S\u00e9par\u00e9e Magazine","url":"https:\/\/separee.com\/en\/","logo":{"@type":"ImageObject","inLanguage":"en-US","@id":"https:\/\/separee.com\/en\/#\/schema\/logo\/image\/","url":"https:\/\/separee.com\/wp-content\/uploads\/2021\/08\/Separee_Logo_n_web-Kopie.png","contentUrl":"https:\/\/separee.com\/wp-content\/uploads\/2021\/08\/Separee_Logo_n_web-Kopie.png","width":1831,"height":862,"caption":"S\u00e9par\u00e9e Magazine"},"image":{"@id":"https:\/\/separee.com\/en\/#\/schema\/logo\/image\/"}}]}},"_links":{"self":[{"href":"https:\/\/separee.com\/en\/wp-json\/wp\/v2\/product\/11979","targetHints":{"allow":["GET"]}}],"collection":[{"href":"https:\/\/separee.com\/en\/wp-json\/wp\/v2\/product"}],"about":[{"href":"https:\/\/separee.com\/en\/wp-json\/wp\/v2\/types\/product"}],"replies":[{"embeddable":true,"href":"https:\/\/separee.com\/en\/wp-json\/wp\/v2\/comments?post=11979"}],"wp:featuredmedia":[{"embeddable":true,"href":"https:\/\/separee.com\/en\/wp-json\/wp\/v2\/media\/11709"}],"wp:attachment":[{"href":"https:\/\/separee.com\/en\/wp-json\/wp\/v2\/media?parent=11979"}],"wp:term":[{"taxonomy":"product_brand","embeddable":true,"href":"https:\/\/separee.com\/en\/wp-json\/wp\/v2\/product_brand?post=11979"},{"taxonomy":"product_cat","embeddable":true,"href":"https:\/\/separee.com\/en\/wp-json\/wp\/v2\/product_cat?post=11979"},{"taxonomy":"product_tag","embeddable":true,"href":"https:\/\/separee.com\/en\/wp-json\/wp\/v2\/product_tag?post=11979"}],"curies":[{"name":"wp","href":"https:\/\/api.w.org\/{rel}","templated":true}]}}