{"id":11943,"date":"2023-09-14T21:17:37","date_gmt":"2023-09-14T19:17:37","guid":{"rendered":"https:\/\/separee.com\/?post_type=product&#038;p=11943"},"modified":"2023-09-21T15:55:57","modified_gmt":"2023-09-21T13:55:57","slug":"separee-no-28-as-a-digital-mag","status":"publish","type":"product","link":"https:\/\/separee.com\/en\/produkt\/separee-no-28-as-a-digital-mag\/","title":{"rendered":"S\u00e9par\u00e9e No. 28 as a digital mag"},"content":{"rendered":"<div class=\"description\">\n<p>Enjoy the German issue of S\u00e9par\u00e9e No. 28 on your favorite electronic device.<\/p>\n<p>Includes:<\/p>\n<ul>\n<li>Self-love &#8211; Why should we be mindful with ourselves<\/li>\n<li>Sex work \u2013 profession or vocation?<\/li>\n<li>Living with AIDS \u2013 an interview<\/li>\n<li>PMS \u2013 handling your red days better<\/li>\n<li>Toxic masculinity \u2013 an attempt to explain a phenomenon<\/li>\n<li>How male nudes are created \u2013 a look behind the scenes<\/li>\n<li>In the bedroom \u2013 a couple making love<\/li>\n<li>Man with a dog<\/li>\n<li>Learning from grandma \u2013 affairs in the past<\/li>\n<li>Truth or dare &#8211; how many people have you slept with?<\/li>\n<\/ul>\n<p>After completing your purchase, you will receive a download link for a PDF file. Free PDF readers are available for download on the internet.<\/p>\n<p>When you pay with paypal or a credit card, the download link will be displayed immediately and send to you by email.<\/p>\n<p>If you transfer the money from a bank account, you will receive your download link after we have received payment.<\/p>\n<\/div>\n<div class=\"social\">\n<div id=\"social\" class=\"clearfix\">\n<p>&nbsp;<\/p>\n<\/div>\n<\/div>\n","protected":false},"excerpt":{"rendered":"<p>Enjoy the German issue of S\u00e9par\u00e9e No. 28 on your favorite electronic device. Includes: Self-love &#8211; Why should we be mindful with ourselves Sex work \u2013 profession or vocation? Living with AIDS \u2013 an interview PMS \u2013 handling your red days better Toxic masculinity \u2013 an attempt to explain a phenomenon How male nudes are [&hellip;]<\/p>\n","protected":false},"featured_media":12419,"comment_status":"closed","ping_status":"closed","template":"","meta":[],"product_brand":[],"product_cat":[],"product_tag":[],"class_list":{"0":"post-11943","1":"product","2":"type-product","3":"status-publish","4":"has-post-thumbnail","7":"first","8":"instock","9":"downloadable","10":"virtual","11":"taxable","12":"purchasable","13":"product-type-simple"},"yoast_head":"<!-- This site is optimized with the Yoast SEO plugin v27.3 - https:\/\/yoast.com\/product\/yoast-seo-wordpress\/ -->\n<title>S\u00e9par\u00e9e No. 28 as a digital mag - S\u00e9par\u00e9e Magazine<\/title>\n<meta name=\"robots\" content=\"index, follow, max-snippet:-1, max-image-preview:large, max-video-preview:-1\" \/>\n<link rel=\"canonical\" href=\"https:\/\/separee.com\/en\/produkt\/separee-no-28-as-a-digital-mag\/\" \/>\n<meta property=\"og:locale\" content=\"en_US\" \/>\n<meta property=\"og:type\" content=\"article\" \/>\n<meta property=\"og:title\" content=\"S\u00e9par\u00e9e No. 28 as a digital mag - S\u00e9par\u00e9e Magazine\" \/>\n<meta property=\"og:description\" content=\"Enjoy the German issue of S\u00e9par\u00e9e No. 28 on your favorite electronic device. Includes: Self-love &#8211; Why should we be mindful with ourselves Sex work \u2013 profession or vocation? Living with AIDS \u2013 an interview PMS \u2013 handling your red days better Toxic masculinity \u2013 an attempt to explain a phenomenon How male nudes are [&hellip;]\" \/>\n<meta property=\"og:url\" content=\"https:\/\/separee.com\/en\/produkt\/separee-no-28-as-a-digital-mag\/\" \/>\n<meta property=\"og:site_name\" content=\"S\u00e9par\u00e9e Magazine\" \/>\n<meta property=\"article:modified_time\" content=\"2023-09-21T13:55:57+00:00\" \/>\n<meta property=\"og:image\" content=\"https:\/\/separee.com\/wp-content\/uploads\/2023\/10\/Separee-N.28-min.png\" \/>\n\t<meta property=\"og:image:width\" content=\"1903\" \/>\n\t<meta property=\"og:image:height\" content=\"2549\" \/>\n\t<meta property=\"og:image:type\" content=\"image\/png\" \/>\n<meta name=\"twitter:card\" content=\"summary_large_image\" \/>\n<meta name=\"twitter:label1\" content=\"Est. reading time\" \/>\n\t<meta name=\"twitter:data1\" content=\"1 minute\" \/>\n<script type=\"application\/ld+json\" class=\"yoast-schema-graph\">{\"@context\":\"https:\\\/\\\/schema.org\",\"@graph\":[{\"@type\":\"WebPage\",\"@id\":\"https:\\\/\\\/separee.com\\\/en\\\/produkt\\\/separee-no-28-as-a-digital-mag\\\/\",\"url\":\"https:\\\/\\\/separee.com\\\/en\\\/produkt\\\/separee-no-28-as-a-digital-mag\\\/\",\"name\":\"S\u00e9par\u00e9e No. 28 as a digital mag - S\u00e9par\u00e9e Magazine\",\"isPartOf\":{\"@id\":\"https:\\\/\\\/separee.com\\\/en\\\/#website\"},\"primaryImageOfPage\":{\"@id\":\"https:\\\/\\\/separee.com\\\/en\\\/produkt\\\/separee-no-28-as-a-digital-mag\\\/#primaryimage\"},\"image\":{\"@id\":\"https:\\\/\\\/separee.com\\\/en\\\/produkt\\\/separee-no-28-as-a-digital-mag\\\/#primaryimage\"},\"thumbnailUrl\":\"https:\\\/\\\/separee.com\\\/wp-content\\\/uploads\\\/2023\\\/10\\\/Separee-N.28-min.png\",\"datePublished\":\"2023-09-14T19:17:37+00:00\",\"dateModified\":\"2023-09-21T13:55:57+00:00\",\"breadcrumb\":{\"@id\":\"https:\\\/\\\/separee.com\\\/en\\\/produkt\\\/separee-no-28-as-a-digital-mag\\\/#breadcrumb\"},\"inLanguage\":\"en-US\",\"potentialAction\":[{\"@type\":\"ReadAction\",\"target\":[\"https:\\\/\\\/separee.com\\\/en\\\/produkt\\\/separee-no-28-as-a-digital-mag\\\/\"]}]},{\"@type\":\"ImageObject\",\"inLanguage\":\"en-US\",\"@id\":\"https:\\\/\\\/separee.com\\\/en\\\/produkt\\\/separee-no-28-as-a-digital-mag\\\/#primaryimage\",\"url\":\"https:\\\/\\\/separee.com\\\/wp-content\\\/uploads\\\/2023\\\/10\\\/Separee-N.28-min.png\",\"contentUrl\":\"https:\\\/\\\/separee.com\\\/wp-content\\\/uploads\\\/2023\\\/10\\\/Separee-N.28-min.png\",\"width\":1903,\"height\":2549},{\"@type\":\"BreadcrumbList\",\"@id\":\"https:\\\/\\\/separee.com\\\/en\\\/produkt\\\/separee-no-28-as-a-digital-mag\\\/#breadcrumb\",\"itemListElement\":[{\"@type\":\"ListItem\",\"position\":1,\"name\":\"Startseite\",\"item\":\"https:\\\/\\\/separee.com\\\/en\\\/\"},{\"@type\":\"ListItem\",\"position\":2,\"name\":\"Alle Produkte\",\"item\":\"https:\\\/\\\/separee.com\\\/elementor-12752\\\/\"},{\"@type\":\"ListItem\",\"position\":3,\"name\":\"S\u00e9par\u00e9e No. 28 as a digital mag\"}]},{\"@type\":\"WebSite\",\"@id\":\"https:\\\/\\\/separee.com\\\/en\\\/#website\",\"url\":\"https:\\\/\\\/separee.com\\\/en\\\/\",\"name\":\"S\u00e9par\u00e9e Magazine\",\"description\":\"Selbstbewusst &amp; Sinnlich\",\"publisher\":{\"@id\":\"https:\\\/\\\/separee.com\\\/en\\\/#organization\"},\"potentialAction\":[{\"@type\":\"SearchAction\",\"target\":{\"@type\":\"EntryPoint\",\"urlTemplate\":\"https:\\\/\\\/separee.com\\\/en\\\/?s={search_term_string}\"},\"query-input\":{\"@type\":\"PropertyValueSpecification\",\"valueRequired\":true,\"valueName\":\"search_term_string\"}}],\"inLanguage\":\"en-US\"},{\"@type\":\"Organization\",\"@id\":\"https:\\\/\\\/separee.com\\\/en\\\/#organization\",\"name\":\"S\u00e9par\u00e9e Magazine\",\"url\":\"https:\\\/\\\/separee.com\\\/en\\\/\",\"logo\":{\"@type\":\"ImageObject\",\"inLanguage\":\"en-US\",\"@id\":\"https:\\\/\\\/separee.com\\\/en\\\/#\\\/schema\\\/logo\\\/image\\\/\",\"url\":\"https:\\\/\\\/separee.com\\\/wp-content\\\/uploads\\\/2021\\\/08\\\/Separee_Logo_n_web-Kopie.png\",\"contentUrl\":\"https:\\\/\\\/separee.com\\\/wp-content\\\/uploads\\\/2021\\\/08\\\/Separee_Logo_n_web-Kopie.png\",\"width\":1831,\"height\":862,\"caption\":\"S\u00e9par\u00e9e Magazine\"},\"image\":{\"@id\":\"https:\\\/\\\/separee.com\\\/en\\\/#\\\/schema\\\/logo\\\/image\\\/\"}}]}<\/script>\n<!-- \/ Yoast SEO plugin. -->","yoast_head_json":{"title":"S\u00e9par\u00e9e No. 28 as a digital mag - S\u00e9par\u00e9e Magazine","robots":{"index":"index","follow":"follow","max-snippet":"max-snippet:-1","max-image-preview":"max-image-preview:large","max-video-preview":"max-video-preview:-1"},"canonical":"https:\/\/separee.com\/en\/produkt\/separee-no-28-as-a-digital-mag\/","og_locale":"en_US","og_type":"article","og_title":"S\u00e9par\u00e9e No. 28 as a digital mag - S\u00e9par\u00e9e Magazine","og_description":"Enjoy the German issue of S\u00e9par\u00e9e No. 28 on your favorite electronic device. Includes: Self-love &#8211; Why should we be mindful with ourselves Sex work \u2013 profession or vocation? Living with AIDS \u2013 an interview PMS \u2013 handling your red days better Toxic masculinity \u2013 an attempt to explain a phenomenon How male nudes are [&hellip;]","og_url":"https:\/\/separee.com\/en\/produkt\/separee-no-28-as-a-digital-mag\/","og_site_name":"S\u00e9par\u00e9e Magazine","article_modified_time":"2023-09-21T13:55:57+00:00","og_image":[{"width":1903,"height":2549,"url":"https:\/\/separee.com\/wp-content\/uploads\/2023\/10\/Separee-N.28-min.png","type":"image\/png"}],"twitter_card":"summary_large_image","twitter_misc":{"Est. reading time":"1 minute"},"schema":{"@context":"https:\/\/schema.org","@graph":[{"@type":"WebPage","@id":"https:\/\/separee.com\/en\/produkt\/separee-no-28-as-a-digital-mag\/","url":"https:\/\/separee.com\/en\/produkt\/separee-no-28-as-a-digital-mag\/","name":"S\u00e9par\u00e9e No. 28 as a digital mag - S\u00e9par\u00e9e Magazine","isPartOf":{"@id":"https:\/\/separee.com\/en\/#website"},"primaryImageOfPage":{"@id":"https:\/\/separee.com\/en\/produkt\/separee-no-28-as-a-digital-mag\/#primaryimage"},"image":{"@id":"https:\/\/separee.com\/en\/produkt\/separee-no-28-as-a-digital-mag\/#primaryimage"},"thumbnailUrl":"https:\/\/separee.com\/wp-content\/uploads\/2023\/10\/Separee-N.28-min.png","datePublished":"2023-09-14T19:17:37+00:00","dateModified":"2023-09-21T13:55:57+00:00","breadcrumb":{"@id":"https:\/\/separee.com\/en\/produkt\/separee-no-28-as-a-digital-mag\/#breadcrumb"},"inLanguage":"en-US","potentialAction":[{"@type":"ReadAction","target":["https:\/\/separee.com\/en\/produkt\/separee-no-28-as-a-digital-mag\/"]}]},{"@type":"ImageObject","inLanguage":"en-US","@id":"https:\/\/separee.com\/en\/produkt\/separee-no-28-as-a-digital-mag\/#primaryimage","url":"https:\/\/separee.com\/wp-content\/uploads\/2023\/10\/Separee-N.28-min.png","contentUrl":"https:\/\/separee.com\/wp-content\/uploads\/2023\/10\/Separee-N.28-min.png","width":1903,"height":2549},{"@type":"BreadcrumbList","@id":"https:\/\/separee.com\/en\/produkt\/separee-no-28-as-a-digital-mag\/#breadcrumb","itemListElement":[{"@type":"ListItem","position":1,"name":"Startseite","item":"https:\/\/separee.com\/en\/"},{"@type":"ListItem","position":2,"name":"Alle Produkte","item":"https:\/\/separee.com\/elementor-12752\/"},{"@type":"ListItem","position":3,"name":"S\u00e9par\u00e9e No. 28 as a digital mag"}]},{"@type":"WebSite","@id":"https:\/\/separee.com\/en\/#website","url":"https:\/\/separee.com\/en\/","name":"S\u00e9par\u00e9e Magazine","description":"Selbstbewusst &amp; Sinnlich","publisher":{"@id":"https:\/\/separee.com\/en\/#organization"},"potentialAction":[{"@type":"SearchAction","target":{"@type":"EntryPoint","urlTemplate":"https:\/\/separee.com\/en\/?s={search_term_string}"},"query-input":{"@type":"PropertyValueSpecification","valueRequired":true,"valueName":"search_term_string"}}],"inLanguage":"en-US"},{"@type":"Organization","@id":"https:\/\/separee.com\/en\/#organization","name":"S\u00e9par\u00e9e Magazine","url":"https:\/\/separee.com\/en\/","logo":{"@type":"ImageObject","inLanguage":"en-US","@id":"https:\/\/separee.com\/en\/#\/schema\/logo\/image\/","url":"https:\/\/separee.com\/wp-content\/uploads\/2021\/08\/Separee_Logo_n_web-Kopie.png","contentUrl":"https:\/\/separee.com\/wp-content\/uploads\/2021\/08\/Separee_Logo_n_web-Kopie.png","width":1831,"height":862,"caption":"S\u00e9par\u00e9e Magazine"},"image":{"@id":"https:\/\/separee.com\/en\/#\/schema\/logo\/image\/"}}]}},"_links":{"self":[{"href":"https:\/\/separee.com\/en\/wp-json\/wp\/v2\/product\/11943","targetHints":{"allow":["GET"]}}],"collection":[{"href":"https:\/\/separee.com\/en\/wp-json\/wp\/v2\/product"}],"about":[{"href":"https:\/\/separee.com\/en\/wp-json\/wp\/v2\/types\/product"}],"replies":[{"embeddable":true,"href":"https:\/\/separee.com\/en\/wp-json\/wp\/v2\/comments?post=11943"}],"wp:featuredmedia":[{"embeddable":true,"href":"https:\/\/separee.com\/en\/wp-json\/wp\/v2\/media\/12419"}],"wp:attachment":[{"href":"https:\/\/separee.com\/en\/wp-json\/wp\/v2\/media?parent=11943"}],"wp:term":[{"taxonomy":"product_brand","embeddable":true,"href":"https:\/\/separee.com\/en\/wp-json\/wp\/v2\/product_brand?post=11943"},{"taxonomy":"product_cat","embeddable":true,"href":"https:\/\/separee.com\/en\/wp-json\/wp\/v2\/product_cat?post=11943"},{"taxonomy":"product_tag","embeddable":true,"href":"https:\/\/separee.com\/en\/wp-json\/wp\/v2\/product_tag?post=11943"}],"curies":[{"name":"wp","href":"https:\/\/api.w.org\/{rel}","templated":true}]}}